{"id":800,"date":"2025-03-19T01:26:47","date_gmt":"2025-03-19T00:26:47","guid":{"rendered":"https:\/\/sail.llc\/?page_id=800"},"modified":"2025-04-15T00:08:02","modified_gmt":"2025-04-14T22:08:02","slug":"offerte-last-minute","status":"publish","type":"page","link":"https:\/\/sail.llc\/index.php\/offerte-last-minute\/","title":{"rendered":"Offerte Last Minute"},"content":{"rendered":"\n<figure class=\"wp-block-image size-full\"><img loading=\"lazy\" decoding=\"async\" width=\"240\" height=\"159\" src=\"https:\/\/sail.llc\/wp-content\/uploads\/2025\/03\/lastminute-3799807242.png\" alt=\"\" class=\"wp-image-801\"\/><\/figure>\n\n\n\n<p>Nella nostra politica promozionale cerchiamo di riempire i calendari per rendervi i costi pi\u00f9 accessibili possibile.<br>alcuni esempi:<br><strong>Prima esperienza con periodo temporale e\/o itinerario non vincolato.<\/strong><br>Se siete alla prima esperienza con noi e riuscite a programmarvi il periodo delle vostre ferie con una certa discrezionalit\u00e0 potrete beneficiare di uno sconto fino ad un massimo del 30% (a seconda della stagionalit\u00e0 + aprile # maggio # giugno # settembre &#8230; &#8211; luglio e agosto) se lascerete scegliere a noi il periodo ed eventualmente la destinazione con un nostro preavviso di almeno 4 settimane.<\/p>\n\n\n\n<p><strong>Offerte Last Minute tradizionali.<\/strong><br>Se 5 settimane prima dell&#8217;inizio di una crociera non abbiamo ricevuto prenotazioni (la prenotazione comprende obbligatoriamente il versamento di 1\/4 del preventivo approvato)  i posti non prenotati verranno assegnati con uno sconto dal 20 al 30% (a seconda della stagionalit\u00e0 e delle rotte programmate).<br>esempio:  due coppie vorrebbero partire assieme ma per eventi imprevisti una deve rinunciare&#8230;<br>\u00e8 il classico caso in cui procederemo ad uno sconto per garantire il regolare svolgimento del programma, nel caso la coppia rimasta riesca a procurare lei stessa una coppia alternativa anche a loro verr\u00e0 praticato uno sconto ulteriore dal 10 al 20% max.<\/p>\n\n\n\n<p><strong>Premio fedelt\u00e0<\/strong><\/p>\n\n\n\n<p>chi \u00e8 stato nostro ospite nella stagione in corso (l&#8217;anno croceristico inizia a Pasqua e di conclude il 30 settembre) se prenota entro il 30 settembre per la stagione dell&#8217;anno successivo potr\u00e0 beneficiare di uno sconto fino ad un massimo del 30% (sempre a seconda della stagionalit\u00e0) garantendosi quindi la certezza del periodo e itinerario che vorr\u00e0 scegliersi.  Ovviamente perch\u00e9 la prenotazione abbia effetto \u00e8 necessario il versamento di 1\/4 del preventivo come per tutte le prenotazioni, lo sconto verr\u00e0 effettuato al saldo.<\/p>\n\n\n\n<p>Non temete se qualche imprevisto vi impedir\u00e0 di fruire delle ferie:  cercheremo di farvi recuperare il viaggio appena sar\u00e0 possibile per voi e per noi.<\/p>\n\n\n\n<p>Per esempio: anche nei mesi di ottobre e marzo \u00e8 possibile divertirsi in Mediterraneo.<br><br>Abbiamo molte altre formule promozionali per cui vi invitiamo a iscrivervi alla nostra news letter in modo di potervi far giungere in tempo le occasioni migliori.    link<\/p>\n\n\n\n<h2 class=\"wp-block-heading\"><strong>altre promozioni:<\/strong><\/h2>\n\n\n\n<p><strong>Viaggi di nozze<\/strong><br>Se vi state per sposare o lo avete fatto da poco certamente avrete condizioni particolarmente vantaggiose (entro il primo anno e compresi i testimoni, basta presentare copia dell\u2019 atto di matrimonio)\u2026<\/p>\n\n\n\n<p><strong>Formula famiglia<\/strong><br>Altres\u00ec anche famiglie con uno o pi\u00f9 minorenni possono beneficare di sconti particolari\u2026<br>ed in pi\u00f9 !  &#8230;oltre il secondo minore ( i minorenni in pi\u00f9, anche non consanguinei e famiglie allargate) si imbarcano gratuitamente.<br><strong>Condizioni di favore anche per studenti (maggiorenni) e ultra 65enni\u2026<\/strong><\/p>\n\n\n\n<p><strong>Ritorno allo stato civile &#8220;libero&#8221;<\/strong><br>Non ci crederete ma anche i separati\/divorziati godono di vantaggi incredibili:<br>dimostrando copia del cambiamento di stato civile la vostra nuova compagna\/compagno imbarca gratuitamente&#8230; (abbiamo pensato a quanto avete speso di Avvocato e ci siamo commossi)&#8230; coraggio, rifatevi una vita !<\/p>\n\n\n\n<p><strong>Non lasciate soli a casa i vostri amici pi\u00f9 fedeli<\/strong><br>i vostri cani si imbarcano gratuitamente\u2026<\/p>\n\n\n\n<h2 class=\"wp-block-heading\">parliamone con calma troveremo quello che pi\u00f9 vi conviene.<\/h2>\n\n\n\n<p>info@st-george-dragonslayer.com<\/p>\n\n\n\n<p>preferibilmente iscrivetevi al nostro gruppo telegram &gt;&nbsp; sail.express<\/p>\n\n\n\n<p><a href=\"https:\/\/t.me\/+kGwc4ppMfm85MjM0\">https:\/\/t.me\/+kGwc4ppMfm85MjM0<\/a><\/p>\n\n\n\n<p>o anche tramite previo SMS di presentazione (non rispondo a numeri sconosciuti)<\/p>\n\n\n\n<p><strong>+393292277078<\/strong><\/p>\n\n\n\n<h2 class=\"wp-block-heading has-text-align-center\"><a href=\"https:\/\/sail.llc\/wp-login.php\" data-type=\"link\" data-id=\"https:\/\/sail.llc\/wp-login.php\">iscrivetevi alla nostra newsletter ! <\/a><br><a href=\"https:\/\/sail.llc\/wp-login.php\" data-type=\"link\" data-id=\"https:\/\/sail.llc\/wp-login.php\">non perdete le occasioni migliori<\/a><\/h2>\n\n\n\n<h2 class=\"wp-block-heading has-text-align-center\">REGISTRATI PER AVERE ACCESSO AGLI<\/h2>\n\n\n\n<h2 class=\"wp-block-heading has-text-align-center\">SCONTI &amp; PROMOZIONI<\/h2>\n\n\n\n<p class=\"has-text-align-center\"><a href=\"https:\/\/sail.llc\/wp-login.php\">solo chi \u00e8 iscritto regolarmente potr\u00e0 ricevere preventivi scritti via email e le notifiche in tempo reale<\/a> <\/p>\n\n\n\n<p class=\"has-text-align-center\">di tutti gli sconti &amp; promozioni pi\u00f9 vantaggiosi, soprattutto:<\/p>\n\n\n\n<p class=\"has-text-align-center\">Offerte Speciali &amp; Last Minute\u2026<\/p>\n\n\n\n<p class=\"has-text-align-center\"><strong> non perdete le occasioni migliori !!   *   <a href=\"https:\/\/sail.llc\/wp-login.php\">ISCRIVITI SUBITO !!&nbsp; basta un clic<\/a><\/strong><\/p>\n\n\n\n<p><\/p>\n\n\n\n<p><br><br><\/p>\n","protected":false},"excerpt":{"rendered":"<p>Nella nostra politica promozionale cerchiamo di riempire i calendari per rendervi i costi pi\u00f9 accessibili possibile.alcuni esempi:Prima esperienza con periodo temporale e\/o itinerario non vincolato.Se siete alla prima esperienza con noi e riuscite a programmarvi &hellip; <\/p>\n","protected":false},"author":1,"featured_media":0,"parent":0,"menu_order":0,"comment_status":"closed","ping_status":"closed","template":"","meta":{"footnotes":""},"class_list":["post-800","page","type-page","status-publish","hentry","latest_post","no_image"],"_links":{"self":[{"href":"https:\/\/sail.llc\/index.php\/wp-json\/wp\/v2\/pages\/800","targetHints":{"allow":["GET"]}}],"collection":[{"href":"https:\/\/sail.llc\/index.php\/wp-json\/wp\/v2\/pages"}],"about":[{"href":"https:\/\/sail.llc\/index.php\/wp-json\/wp\/v2\/types\/page"}],"author":[{"embeddable":true,"href":"https:\/\/sail.llc\/index.php\/wp-json\/wp\/v2\/users\/1"}],"replies":[{"embeddable":true,"href":"https:\/\/sail.llc\/index.php\/wp-json\/wp\/v2\/comments?post=800"}],"version-history":[{"count":0,"href":"https:\/\/sail.llc\/index.php\/wp-json\/wp\/v2\/pages\/800\/revisions"}],"wp:attachment":[{"href":"https:\/\/sail.llc\/index.php\/wp-json\/wp\/v2\/media?parent=800"}],"curies":[{"name":"wp","href":"https:\/\/api.w.org\/{rel}","templated":true}]}}